{"id":3580,"date":"2020-04-14T12:06:12","date_gmt":"2020-04-14T10:06:12","guid":{"rendered":"http:\/\/www.bertolinipumps.com\/?page_id=3580"},"modified":"2020-05-20T10:44:53","modified_gmt":"2020-05-20T08:44:53","slug":"bertolini-pumps-missione-visione","status":"publish","type":"page","link":"https:\/\/bertolinipumps.com\/it\/bertolini-pumps-missione-visione\/","title":{"rendered":"Missione e Visione"},"content":{"rendered":"<p><div class=\"fusion-fullwidth fullwidth-box fusion-builder-row-1 fusion-flex-container hundred-percent-fullwidth non-hundred-percent-height-scrolling\" style=\"--awb-border-radius-top-left:0px;--awb-border-radius-top-right:0px;--awb-border-radius-bottom-right:0px;--awb-border-radius-bottom-left:0px;--awb-flex-wrap:wrap;\" ><div class=\"fusion-builder-row fusion-row fusion-flex-align-items-flex-start fusion-flex-content-wrap\" style=\"width:calc( 100% + 0px ) !important;max-width:calc( 100% + 0px ) !important;margin-left: calc(-0px \/ 2 );margin-right: calc(-0px \/ 2 );\"><div class=\"fusion-layout-column fusion_builder_column fusion-builder-column-0 fusion_builder_column_1_1 1_1 fusion-flex-column\" style=\"--awb-bg-size:cover;--awb-width-large:100%;--awb-margin-top-large:20px;--awb-spacing-right-large:0px;--awb-margin-bottom-large:20px;--awb-spacing-left-large:0px;--awb-width-medium:100%;--awb-spacing-right-medium:0px;--awb-spacing-left-medium:0px;--awb-width-small:100%;--awb-spacing-right-small:0px;--awb-spacing-left-small:0px;\"><div class=\"fusion-column-wrapper fusion-column-has-shadow fusion-flex-justify-content-flex-start fusion-content-layout-column\"><nav class=\"fusion-breadcrumbs awb-yoast-breadcrumbs fusion-breadcrumbs-1 fusion-animated\" style=\"--awb-font-size:14px;--awb-breadcrumb-sep:&#039;&gt;&#039;;\" aria-label=\"Breadcrumb\" data-animationType=\"fadeInLeft\" data-animationDuration=\"0.3\" data-animationOffset=\"top-into-view\"><ol class=\"awb-breadcrumb-list\"><li class=\"fusion-breadcrumb-item awb-breadcrumb-sep\" ><a href=\"https:\/\/bertolinipumps.com\/it\/\" class=\"fusion-breadcrumb-link\"><span >Home<\/span><\/a><\/li><\/ol><\/nav><\/div><\/div><\/div><\/div><div class=\"fusion-fullwidth fullwidth-box fusion-builder-row-2 fusion-flex-container hundred-percent-fullwidth non-hundred-percent-height-scrolling\" style=\"--awb-background-position:left top;--awb-border-radius-top-left:0px;--awb-border-radius-top-right:0px;--awb-border-radius-bottom-right:0px;--awb-border-radius-bottom-left:0px;--awb-padding-top:0px;--awb-padding-right:0px;--awb-padding-bottom:0px;--awb-padding-left:0px;--awb-border-sizes-top:0px;--awb-border-sizes-bottom:0px;--awb-flex-wrap:wrap;\" ><div class=\"fusion-builder-row fusion-row fusion-flex-align-items-stretch fusion-flex-content-wrap\" style=\"width:calc( 100% + 0px ) !important;max-width:calc( 100% + 0px ) !important;margin-left: calc(-0px \/ 2 );margin-right: calc(-0px \/ 2 );\"><div class=\"fusion-layout-column fusion_builder_column fusion-builder-column-1 fusion_builder_column_1_2 1_2 fusion-flex-column fusion-column-inner-bg-wrapper fusion-animated\" style=\"--awb-inner-bg-color:#1a1a1a;--awb-inner-bg-color-hover:#1a1a1a;--awb-inner-bg-image:url(&#039;http:\/\/www.bertolinipumps.com\/wp-content\/uploads\/2020\/05\/la-storia-02.jpg&#039;);--awb-inner-bg-position:center top;--awb-inner-bg-size:cover;--awb-width-large:50%;--awb-margin-top-large:0px;--awb-spacing-right-large:0px;--awb-margin-bottom-large:0px;--awb-spacing-left-large:0px;--awb-width-medium:50%;--awb-spacing-right-medium:0px;--awb-spacing-left-medium:0px;--awb-width-small:100%;--awb-spacing-right-small:0px;--awb-spacing-left-small:0px;\" data-animationType=\"fadeInLeft\" data-animationDuration=\"0.5\" data-animationOffset=\"top-into-view\"><span class=\"fusion-column-inner-bg hover-type-zoomin\"><span class=\"fusion-column-anchor\"><span class=\"fusion-column-inner-bg-image\"><\/span><\/span><\/span><div class=\"fusion-column-wrapper fusion-column-has-shadow fusion-flex-justify-content-flex-start fusion-content-layout-column fusion-empty-column-bg-image fusion-column-has-bg-image\" data-bg-url=\"http:\/\/www.bertolinipumps.com\/wp-content\/uploads\/2020\/05\/la-storia-02.jpg\"><img decoding=\"async\" class=\"fusion-empty-dims-img-placeholder fusion-no-large-visibility fusion-no-medium-visibility\" src=\"data:image\/gif;base64,R0lGODlhAQABAAAAACH5BAEKAAEALAAAAAABAAEAAAICTAEAOw==\"><\/div><\/div><div class=\"fusion-layout-column fusion_builder_column fusion-builder-column-2 fusion_builder_column_1_2 1_2 fusion-flex-column\" style=\"--awb-padding-top:17%;--awb-padding-right:17%;--awb-padding-bottom:17%;--awb-padding-left:17%;--awb-bg-size:cover;--awb-border-color:#878787;--awb-border-bottom:1px;--awb-border-style:solid;--awb-width-large:50%;--awb-margin-top-large:0px;--awb-spacing-right-large:0px;--awb-margin-bottom-large:0px;--awb-spacing-left-large:0px;--awb-width-medium:50%;--awb-spacing-right-medium:0px;--awb-spacing-left-medium:0px;--awb-width-small:100%;--awb-spacing-right-small:0px;--awb-spacing-left-small:0px;\"><div class=\"fusion-column-wrapper fusion-column-has-shadow fusion-flex-justify-content-center fusion-content-layout-column\"><div class=\"fusion-title title fusion-title-1 fusion-sep-none fusion-title-text fusion-title-size-two\" style=\"--awb-text-color:#0979bf;--awb-margin-bottom:0px;--awb-font-size:28px;\"><h2 class=\"fusion-title-heading title-heading-left\" style=\"margin:0;font-size:1em;\"><strong>Missione<\/strong><\/h2><\/div><div class=\"fusion-title title fusion-title-2 fusion-sep-none fusion-title-text fusion-title-size-four\" style=\"--awb-text-color:#0979bf;--awb-margin-top:0px;\"><h4 class=\"fusion-title-heading title-heading-left\" style=\"margin:0;\">Prodotti migliori per ogni applicazione.<\/h4><\/div><div class=\"fusion-text fusion-text-1\"><p>Dal 1918, la mission di Bertolini Pumps non \u00e8 mai cambiata: realizzare prodotti sempre pi\u00f9 competitivi e affidabili. \u00c8 una filosofia che implica impegno e passione costanti, una vera e propria tradizione familiare di attenzione e cura dei dettagli senza compromessi, che caratterizza la nostra attivit\u00e0 fin dal suo inizio. \u00c8 questa la rotta che abbiamo seguito senza sosta attraverso le varie generazioni, innovando e consolidando lo sviluppo dei sistemi di pompaggio, non solo per quanto riguarda i nostri prodotti ma di riflesso, anche quelli del mercato in generale. Oggi, dopo pi\u00f9 di un secolo, sarebbe impossibile calcolare quante siano le pompe Bertolini ancora funzionanti nel mondo. Oltre ai nostri brevetti e la posizione di leader mondiale, ci resta anche l\u2019esclusiva soddisfazione di aver aiutato milioni di persone.<\/p>\n<\/div><\/div><\/div><\/div><\/div><div class=\"fusion-fullwidth fullwidth-box fusion-builder-row-3 fusion-flex-container hundred-percent-fullwidth non-hundred-percent-height-scrolling\" style=\"--awb-background-position:left top;--awb-border-radius-top-left:0px;--awb-border-radius-top-right:0px;--awb-border-radius-bottom-right:0px;--awb-border-radius-bottom-left:0px;--awb-padding-top:0px;--awb-padding-right:0px;--awb-padding-bottom:0px;--awb-padding-left:0px;--awb-border-sizes-top:0px;--awb-border-sizes-bottom:0px;--awb-flex-wrap:wrap;\" ><div class=\"fusion-builder-row fusion-row fusion-flex-align-items-stretch fusion-flex-content-wrap\" style=\"width:calc( 100% + 0px ) !important;max-width:calc( 100% + 0px ) !important;margin-left: calc(-0px \/ 2 );margin-right: calc(-0px \/ 2 );\"><div class=\"fusion-layout-column fusion_builder_column fusion-builder-column-3 fusion_builder_column_1_2 1_2 fusion-flex-column\" style=\"--awb-padding-top:17%;--awb-padding-right:17%;--awb-padding-bottom:17%;--awb-padding-left:17%;--awb-bg-size:cover;--awb-border-color:#878787;--awb-border-bottom:1px;--awb-border-style:solid;--awb-width-large:50%;--awb-margin-top-large:0px;--awb-spacing-right-large:0px;--awb-margin-bottom-large:0px;--awb-spacing-left-large:0px;--awb-width-medium:50%;--awb-spacing-right-medium:0px;--awb-spacing-left-medium:0px;--awb-width-small:100%;--awb-spacing-right-small:0px;--awb-spacing-left-small:0px;\"><div class=\"fusion-column-wrapper fusion-column-has-shadow fusion-flex-justify-content-center fusion-content-layout-column\"><div class=\"fusion-title title fusion-title-3 fusion-sep-none fusion-title-text fusion-title-size-two\" style=\"--awb-text-color:#0979bf;--awb-margin-bottom:0px;--awb-font-size:28px;\"><h2 class=\"fusion-title-heading title-heading-left\" style=\"margin:0;font-size:1em;\"><b>Visione<\/b><\/h2><\/div><div class=\"fusion-title title fusion-title-4 fusion-sep-none fusion-title-text fusion-title-size-four\" style=\"--awb-text-color:#0979bf;--awb-margin-top:0px;\"><h4 class=\"fusion-title-heading title-heading-left\" style=\"margin:0;\">Uno sviluppo quotidiano e senza limiti.<\/h4><\/div><div class=\"fusion-text fusion-text-2\"><p>La nostra visione rispecchia lo spirito d\u2019iniziativa e la dinamicit\u00e0 che ci contraddistingue, sia come linea guida aziendale, che come motivazione per chi lavora con noi. Alla base del nostro operato c\u2019\u00e8 sempre un\u2019assoluta qualit\u00e0 dei processi produttivi, che trova origine nella competenza di un\u2019esperienza ultracentenaria, e la nostra prospettiva di crescita si proietta verso un continuo progresso tecnologico, reso possibile dalla ricerca e lo sviluppo di soluzioni sempre migliori. I nostri criteri operativi sono: riduzione dell\u2019impatto ambientale e dei costi, ottimizzazione di prestazioni e materiali, longevit\u00e0 e affidabilit\u00e0. Quello che ci ripromettiamo ogni giorno, \u00e8 di garantire ai clienti di Bertolini Pumps la sicurezza di scegliere il prodotto pi\u00f9 adatto e qualitativamente superiore per ogni esigenza.<\/p>\n<\/div><\/div><\/div><div class=\"fusion-layout-column fusion_builder_column fusion-builder-column-4 fusion_builder_column_1_2 1_2 fusion-flex-column fusion-column-inner-bg-wrapper fusion-animated\" style=\"--awb-inner-bg-color:#1a1a1a;--awb-inner-bg-color-hover:#1a1a1a;--awb-inner-bg-image:url(&#039;http:\/\/www.bertolinipumps.com\/wp-content\/uploads\/2020\/05\/mission-vision-02.jpg&#039;);--awb-inner-bg-position:center top;--awb-inner-bg-size:cover;--awb-width-large:50%;--awb-margin-top-large:0px;--awb-spacing-right-large:0px;--awb-margin-bottom-large:0px;--awb-spacing-left-large:0px;--awb-width-medium:50%;--awb-spacing-right-medium:0px;--awb-spacing-left-medium:0px;--awb-width-small:100%;--awb-spacing-right-small:0px;--awb-spacing-left-small:0px;\" data-animationType=\"fadeInLeft\" data-animationDuration=\"0.5\" data-animationOffset=\"top-into-view\"><span class=\"fusion-column-inner-bg hover-type-zoomin\"><span class=\"fusion-column-anchor\"><span class=\"fusion-column-inner-bg-image\"><\/span><\/span><\/span><div class=\"fusion-column-wrapper fusion-column-has-shadow fusion-flex-justify-content-flex-start fusion-content-layout-column fusion-empty-column-bg-image fusion-column-has-bg-image\" data-bg-url=\"http:\/\/www.bertolinipumps.com\/wp-content\/uploads\/2020\/05\/mission-vision-02.jpg\"><img decoding=\"async\" class=\"fusion-empty-dims-img-placeholder fusion-no-large-visibility fusion-no-medium-visibility\" src=\"data:image\/gif;base64,R0lGODlhAQABAAAAACH5BAEKAAEALAAAAAABAAEAAAICTAEAOw==\"><\/div><\/div><\/div><\/div><\/p>\n","protected":false},"excerpt":{"rendered":"","protected":false},"author":13,"featured_media":0,"parent":0,"menu_order":0,"comment_status":"closed","ping_status":"closed","template":"100-width.php","meta":{"footnotes":""},"class_list":["post-3580","page","type-page","status-publish","hentry"],"yoast_head":"<!-- This site is optimized with the Yoast SEO plugin v27.4 - https:\/\/yoast.com\/product\/yoast-seo-wordpress\/ -->\n<title>Missione e Visione - Bertolini Pumps<\/title>\n<meta name=\"robots\" content=\"index, follow, max-snippet:-1, max-image-preview:large, max-video-preview:-1\" \/>\n<link rel=\"canonical\" href=\"https:\/\/bertolinipumps.com\/it\/bertolini-pumps-missione-visione\/\" \/>\n<meta property=\"og:locale\" content=\"it_IT\" \/>\n<meta property=\"og:type\" content=\"article\" \/>\n<meta property=\"og:title\" content=\"Missione e Visione - Bertolini Pumps\" \/>\n<meta property=\"og:url\" content=\"https:\/\/bertolinipumps.com\/it\/bertolini-pumps-missione-visione\/\" \/>\n<meta property=\"og:site_name\" content=\"Bertolini Pumps\" \/>\n<meta property=\"article:modified_time\" content=\"2020-05-20T08:44:53+00:00\" \/>\n<meta name=\"twitter:card\" content=\"summary_large_image\" \/>\n<meta name=\"twitter:label1\" content=\"Tempo di lettura stimato\" \/>\n\t<meta name=\"twitter:data1\" content=\"10 minuti\" \/>\n<script type=\"application\/ld+json\" class=\"yoast-schema-graph\">{\"@context\":\"https:\\\/\\\/schema.org\",\"@graph\":[{\"@type\":\"WebPage\",\"@id\":\"https:\\\/\\\/bertolinipumps.com\\\/it\\\/bertolini-pumps-missione-visione\\\/\",\"url\":\"https:\\\/\\\/bertolinipumps.com\\\/it\\\/bertolini-pumps-missione-visione\\\/\",\"name\":\"Missione e Visione - Bertolini Pumps\",\"isPartOf\":{\"@id\":\"https:\\\/\\\/bertolinipumps.com\\\/it\\\/#website\"},\"datePublished\":\"2020-04-14T10:06:12+00:00\",\"dateModified\":\"2020-05-20T08:44:53+00:00\",\"inLanguage\":\"it-IT\",\"potentialAction\":[{\"@type\":\"ReadAction\",\"target\":[\"https:\\\/\\\/bertolinipumps.com\\\/it\\\/bertolini-pumps-missione-visione\\\/\"]}]},{\"@type\":\"WebSite\",\"@id\":\"https:\\\/\\\/bertolinipumps.com\\\/it\\\/#website\",\"url\":\"https:\\\/\\\/bertolinipumps.com\\\/it\\\/\",\"name\":\"Bertolini Pumps\",\"description\":\"Bertolini Pumps\",\"potentialAction\":[{\"@type\":\"SearchAction\",\"target\":{\"@type\":\"EntryPoint\",\"urlTemplate\":\"https:\\\/\\\/bertolinipumps.com\\\/it\\\/?s={search_term_string}\"},\"query-input\":{\"@type\":\"PropertyValueSpecification\",\"valueRequired\":true,\"valueName\":\"search_term_string\"}}],\"inLanguage\":\"it-IT\"}]}<\/script>\n<!-- \/ Yoast SEO plugin. -->","yoast_head_json":{"title":"Missione e Visione - Bertolini Pumps","robots":{"index":"index","follow":"follow","max-snippet":"max-snippet:-1","max-image-preview":"max-image-preview:large","max-video-preview":"max-video-preview:-1"},"canonical":"https:\/\/bertolinipumps.com\/it\/bertolini-pumps-missione-visione\/","og_locale":"it_IT","og_type":"article","og_title":"Missione e Visione - Bertolini Pumps","og_url":"https:\/\/bertolinipumps.com\/it\/bertolini-pumps-missione-visione\/","og_site_name":"Bertolini Pumps","article_modified_time":"2020-05-20T08:44:53+00:00","twitter_card":"summary_large_image","twitter_misc":{"Tempo di lettura stimato":"10 minuti"},"schema":{"@context":"https:\/\/schema.org","@graph":[{"@type":"WebPage","@id":"https:\/\/bertolinipumps.com\/it\/bertolini-pumps-missione-visione\/","url":"https:\/\/bertolinipumps.com\/it\/bertolini-pumps-missione-visione\/","name":"Missione e Visione - Bertolini Pumps","isPartOf":{"@id":"https:\/\/bertolinipumps.com\/it\/#website"},"datePublished":"2020-04-14T10:06:12+00:00","dateModified":"2020-05-20T08:44:53+00:00","inLanguage":"it-IT","potentialAction":[{"@type":"ReadAction","target":["https:\/\/bertolinipumps.com\/it\/bertolini-pumps-missione-visione\/"]}]},{"@type":"WebSite","@id":"https:\/\/bertolinipumps.com\/it\/#website","url":"https:\/\/bertolinipumps.com\/it\/","name":"Bertolini Pumps","description":"Bertolini Pumps","potentialAction":[{"@type":"SearchAction","target":{"@type":"EntryPoint","urlTemplate":"https:\/\/bertolinipumps.com\/it\/?s={search_term_string}"},"query-input":{"@type":"PropertyValueSpecification","valueRequired":true,"valueName":"search_term_string"}}],"inLanguage":"it-IT"}]}},"_links":{"self":[{"href":"https:\/\/bertolinipumps.com\/it\/wp-json\/wp\/v2\/pages\/3580","targetHints":{"allow":["GET"]}}],"collection":[{"href":"https:\/\/bertolinipumps.com\/it\/wp-json\/wp\/v2\/pages"}],"about":[{"href":"https:\/\/bertolinipumps.com\/it\/wp-json\/wp\/v2\/types\/page"}],"author":[{"embeddable":true,"href":"https:\/\/bertolinipumps.com\/it\/wp-json\/wp\/v2\/users\/13"}],"replies":[{"embeddable":true,"href":"https:\/\/bertolinipumps.com\/it\/wp-json\/wp\/v2\/comments?post=3580"}],"version-history":[{"count":0,"href":"https:\/\/bertolinipumps.com\/it\/wp-json\/wp\/v2\/pages\/3580\/revisions"}],"wp:attachment":[{"href":"https:\/\/bertolinipumps.com\/it\/wp-json\/wp\/v2\/media?parent=3580"}],"curies":[{"name":"wp","href":"https:\/\/api.w.org\/{rel}","templated":true}]}}